{"id":8,"date":"2020-07-01T23:16:30","date_gmt":"2020-07-01T21:16:30","guid":{"rendered":"http:\/\/la-prise-tarot.fr\/?page_id=8"},"modified":"2021-09-18T18:41:46","modified_gmt":"2021-09-18T16:41:46","slug":"accueil","status":"publish","type":"page","link":"https:\/\/la-prise-tarot.fr\/","title":{"rendered":"Accueil"},"content":{"rendered":"<p style=\"text-align: left;\">Patricia et Bruno seront heureux de vous accueillir\u00a0<br \/>au M<strong>anoir de la Prise Tarot<\/strong> \u00e0 <em>Bagnoles de l&rsquo;Orne<\/em>.<\/p>\n<p style=\"text-align: left;\">Vous pourrez choisir parmi 3 chambres disposant d&rsquo;un lit double, une chambre avec 2 lits simples et une grande chambre qui contient un lit double + 1 lit simple.<\/p>\n<p style=\"text-align: left;\">Une grande pi\u00e8ce de vie permet \u00e0 tous de se d\u00e9tendre.<br \/><a href=\"https:\/\/www.google.fr\/maps\/@48.5541556,-0.4261616,17z\" target=\"_blank\" rel=\"noopener noreferrer\">Localiser<\/a><\/p>\n\n\n<p><\/p>\n","protected":false},"excerpt":{"rendered":"<p>Patricia et Bruno seront heureux de vous accueillir\u00a0au Manoir de la Prise Tarot \u00e0 Bagnoles de l&rsquo;Orne. Vous pourrez choisir parmi 3 chambres disposant d&rsquo;un lit double, une chambre avec 2 lits simples et une grande chambre qui contient un lit double + 1 lit simple. Une grande pi\u00e8ce de vie permet \u00e0 tous de &hellip; <\/p>\n<p class=\"link-more\"><a href=\"https:\/\/la-prise-tarot.fr\/\" class=\"more-link\">Continuer la lecture<span class=\"screen-reader-text\"> de &laquo;&nbsp;Accueil&nbsp;&raquo;<\/span><\/a><\/p>\n","protected":false},"author":1,"featured_media":18,"parent":0,"menu_order":0,"comment_status":"closed","ping_status":"closed","template":"","meta":{"footnotes":""},"class_list":["post-8","page","type-page","status-publish","has-post-thumbnail","hentry"],"_links":{"self":[{"href":"https:\/\/la-prise-tarot.fr\/index.php?rest_route=\/wp\/v2\/pages\/8"}],"collection":[{"href":"https:\/\/la-prise-tarot.fr\/index.php?rest_route=\/wp\/v2\/pages"}],"about":[{"href":"https:\/\/la-prise-tarot.fr\/index.php?rest_route=\/wp\/v2\/types\/page"}],"author":[{"embeddable":true,"href":"https:\/\/la-prise-tarot.fr\/index.php?rest_route=\/wp\/v2\/users\/1"}],"replies":[{"embeddable":true,"href":"https:\/\/la-prise-tarot.fr\/index.php?rest_route=%2Fwp%2Fv2%2Fcomments&post=8"}],"version-history":[{"count":15,"href":"https:\/\/la-prise-tarot.fr\/index.php?rest_route=\/wp\/v2\/pages\/8\/revisions"}],"predecessor-version":[{"id":110,"href":"https:\/\/la-prise-tarot.fr\/index.php?rest_route=\/wp\/v2\/pages\/8\/revisions\/110"}],"wp:featuredmedia":[{"embeddable":true,"href":"https:\/\/la-prise-tarot.fr\/index.php?rest_route=\/wp\/v2\/media\/18"}],"wp:attachment":[{"href":"https:\/\/la-prise-tarot.fr\/index.php?rest_route=%2Fwp%2Fv2%2Fmedia&parent=8"}],"curies":[{"name":"wp","href":"https:\/\/api.w.org\/{rel}","templated":true}]}}